{"id":22372,"date":"2025-03-31T17:24:05","date_gmt":"2025-03-31T15:24:05","guid":{"rendered":"https:\/\/www.rocchette.com\/regolamento\/"},"modified":"2025-08-07T16:19:55","modified_gmt":"2025-08-07T14:19:55","slug":"reglement","status":"publish","type":"page","link":"https:\/\/www.rocchette.com\/fr\/reglement\/","title":{"rendered":"R\u00e8glement"},"content":{"rendered":"\t\t<div data-elementor-type=\"wp-page\" data-elementor-id=\"22372\" class=\"elementor elementor-22372 elementor-18619\">\n\t\t\t\t\t\t<section class=\"elementor-section elementor-top-section elementor-element elementor-element-2fe7d08 elementor-section-height-min-height cs-section-content-fullwidth cs-parallax-on-scroll cs_scroll_y_80 elementor-section-boxed elementor-section-height-default elementor-section-items-middle\" data-id=\"2fe7d08\" data-element_type=\"section\" data-e-type=\"section\" data-settings=\"{&quot;background_background&quot;:&quot;classic&quot;}\" data-cs-parallax-y=\"80\" style=\"background-image: none;\" data-cs-background-image=\"https:\/\/www.rocchette.com\/wp-content\/uploads\/2024\/12\/spiaggia-30.jpg\" data-cs-background-image-alt-text=\"\">\n\t\t\t\t\t\t\t<div class=\"elementor-background-overlay\"><\/div>\n\t\t\t\t\t\t\t<div class=\"elementor-container elementor-column-gap-no\">\n\t\t\t\t\t<div class=\"elementor-column elementor-col-100 elementor-top-column elementor-element elementor-element-e2bcc72 dark-color\" data-id=\"e2bcc72\" data-element_type=\"column\" data-e-type=\"column\">\n\t\t\t<div class=\"elementor-widget-wrap elementor-element-populated\">\n\t\t\t\t\t\t<div class=\"elementor-element elementor-element-65a9c72 cs-animation-small-offset elementor-invisible elementor-widget elementor-widget-cs_title\" data-id=\"65a9c72\" data-element_type=\"widget\" data-e-type=\"widget\" data-settings=\"{&quot;_animation&quot;:&quot;fadeInUp&quot;,&quot;_animation_delay&quot;:150}\" data-widget_type=\"cs_title.default\">\n\t\t\t\t<div class=\"elementor-widget-container\">\n\t\t\t\t\t\n        <div class=\"cs-title-wrap text-center\">\t            <h3 class=\"cs-title\">\n\t                R\u00e8glement<br>\t            <\/h3>\t            <div class=\"cs-title-text\">\n\t                <p>Respectez le r\u00e8glement du Camping Village Rocchette pour un s\u00e9jour en toute tranquillit\u00e9<\/p>\n\t            <\/div>        <\/div>\t\t\t\t<\/div>\n\t\t\t\t<\/div>\n\t\t\t\t\t<\/div>\n\t\t<\/div>\n\t\t\t\t\t<\/div>\n\t\t<\/section>\n\t\t\t\t<section class=\"elementor-section elementor-top-section elementor-element elementor-element-62a05e2 cs-section-content-fullwidth elementor-section-boxed elementor-section-height-default elementor-section-height-default\" data-id=\"62a05e2\" data-element_type=\"section\" data-e-type=\"section\" data-settings=\"{&quot;background_background&quot;:&quot;classic&quot;}\">\n\t\t\t\t\t\t<div class=\"elementor-container elementor-column-gap-no\">\n\t\t\t\t\t<div class=\"elementor-column elementor-col-100 elementor-top-column elementor-element elementor-element-4918e5c cs-animation-small-offset elementor-invisible\" data-id=\"4918e5c\" data-element_type=\"column\" data-e-type=\"column\" data-settings=\"{&quot;animation&quot;:&quot;fadeInUp&quot;,&quot;animation_delay&quot;:300}\">\n\t\t\t<div class=\"elementor-widget-wrap elementor-element-populated\">\n\t\t\t\t\t\t<div class=\"elementor-element elementor-element-6b4b5ca elementor-widget elementor-widget-cs_title\" data-id=\"6b4b5ca\" data-element_type=\"widget\" data-e-type=\"widget\" data-widget_type=\"cs_title.default\">\n\t\t\t\t<div class=\"elementor-widget-container\">\n\t\t\t\t\t\n        <div class=\"cs-title-wrap text-center\">\t            <div class=\"cs-subtitle-wrap\"><span class=\"cs-subtitle\">R\u00e8glement du Rocchette Camping Village<\/span><\/div>        <\/div>\t\t\t\t<\/div>\n\t\t\t\t<\/div>\n\t\t\t\t<div class=\"elementor-element elementor-element-9a795cf elementor-widget elementor-widget-text-editor\" data-id=\"9a795cf\" data-element_type=\"widget\" data-e-type=\"widget\" data-widget_type=\"text-editor.default\">\n\t\t\t\t<div class=\"elementor-widget-container\">\n\t\t\t\t\t\t\t\t\t<p><strong>\u00c0 L\u2019ARRIV\u00c9E<\/strong><br>Les clients doivent se pr\u00e9senter \u00e0 la r\u00e9ception pour effectuer la proc\u00e9dure de check-in munis d\u2019une pi\u00e8ce d\u2019identit\u00e9 valide.<\/p>\n<p><strong>V\u00c9G\u00c9TATION<\/strong><br>La v\u00e9g\u00e9tation pr\u00e9sente \u00e0 l\u2019int\u00e9rieur de la structure est consid\u00e9r\u00e9e comme un patrimoine naturel : nous demandons donc \u00e0 nos chers h\u00f4tes de ne en aucun cas l\u2019endommager, notamment en suspendant des objets de toute sorte, des hamacs, en attachant des fils pour \u00e9tendre le linge ou autre ; sinon, le personnel autoris\u00e9 proc\u00e9dera au retrait imm\u00e9diat de l\u2019objet et v\u00e9rifiera d\u2019\u00e9ventuels dommages qui seront factur\u00e9s aux responsables \u00e0 titre de d\u00e9dommagement.<\/p>\n<p><strong>SILENCE<\/strong><br>Les chers h\u00f4tes sont pri\u00e9s de respecter le silence durant les heures fix\u00e9es \u2013 de 13h00 \u00e0 16h00 et de 23h00 \u00e0 08h00 \u2013 essentiel pour une bonne et paisible cohabitation. Cette r\u00e8gle doit \u00eatre respect\u00e9e tant dans la zone village que dans la zone camping.<\/p>\n<p><strong>FEU<\/strong><br>\u00c9tant donn\u00e9 la grande quantit\u00e9 de v\u00e9g\u00e9tation \u00e0 l\u2019int\u00e9rieur et aux alentours, il est absolument interdit d\u2019allumer des feux ou barbecues, de jeter des cigarettes ou allumettes au sol, sauf dans les contenants pr\u00e9vus \u00e0 cet effet en s\u2019assurant qu\u2019ils sont bien \u00e9teints : cela r\u00e9duit le risque d\u2019incendie et aide le personnel \u00e0 maintenir les espaces propres et ordonn\u00e9s. En cas d\u2019incendie, les h\u00f4tes doivent avertir imm\u00e9diatement la direction ou le personnel pr\u00e9sent \u00e0 proximit\u00e9.<\/p>\n<p><strong>CIRCULATION DES VOITURES, MOTOS ET V\u00c9LOS<\/strong><br>Les v\u00e9hicules circulant dans les parkings, qu\u2019il s\u2019agisse de voitures ou motos, doivent rouler au pas. Il est interdit de circuler \u00e0 v\u00e9lo dans les zones de services telles que piscine, restaurant, bar et zone commerciale ; le parcours autoris\u00e9 inclut la zone parking et camping. Il est strictement interdit de traverser le village \u00e0 v\u00e9lo. Les h\u00f4tes sont pri\u00e9s d\u2019utiliser les all\u00e9es lat\u00e9rales pour acc\u00e9der \u00e0 la zone camping.<br>Les voitures et motos doivent stationner dans le parking pr\u00e9vu et afficher le laissez-passer d\u00e9livr\u00e9 par la r\u00e9ception ; l\u2019absence de ce laissez-passer rend le v\u00e9hicule en infraction et soumis \u00e0 une amende journali\u00e8re de 10 \u20ac.<br>Les voitures ne sont pas autoris\u00e9es \u00e0 stationner dans la zone camping, sous peine d\u2019une p\u00e9nalit\u00e9 de 50 \u20ac.<br>En haute et moyenne saison (de juin \u00e0 mi-septembre), les camping-cars ne peuvent pas changer d\u2019emplacement sans accord de la direction.<br>La carte magn\u00e9tique remise \u00e0 l\u2019arriv\u00e9e doit \u00eatre bien conserv\u00e9e : perte ou dommage entra\u00eeneront une indemnit\u00e9 de 10 \u20ac par carte.<br>Le chargement\/d\u00e9chargement des bagages se fait avec des chariots fournis par le Camping Village Rocchette ; les h\u00f4tes sont pri\u00e9s de les remettre \u00e0 leur place apr\u00e8s usage.<\/p><p>Le parking est r\u00e9serv\u00e9, en plein air et non surveill\u00e9.<\/p>\n<p><strong>D\u00c9CHETS<\/strong><br>Les conteneurs pour les d\u00e9chets sont situ\u00e9s dans une seule zone \u00e9cologique indiqu\u00e9e sur la carte du camping.<br>Il y a de petits conteneurs pour le papier, plastique, canettes, etc. dans le village.<br>Les h\u00f4tes sont pri\u00e9s de ne pas jeter les d\u00e9chets en dehors des conteneurs.<\/p>\n<p><strong>ANIMAUX DOMESTIQUES<\/strong><br>Les propri\u00e9taires de chiens doivent les tenir en laisse et toujours ramasser leurs excr\u00e9ments. Les animaux ne sont pas autoris\u00e9s dans la zone piscine, mais peuvent acc\u00e9der au restaurant sur r\u00e9servation.<br>Les chiens ne doivent jamais \u00eatre laiss\u00e9s sans surveillance.<br>Les animaux sont admis uniquement dans la zone camping (camping-cars, caravanes, tentes) ainsi que dans les Lodge Tent et Mini Lodge Tent ; ils ne sont pas admis dans les bungalows.<br>Les chiens de grande taille doivent porter une museli\u00e8re dans les espaces communs et sur la plage.<\/p>\n<p><strong>PISCINE<\/strong><br>Il est interdit de se baigner en dehors des heures fix\u00e9es. Veuillez consulter le r\u00e8glement affich\u00e9 au bord de la piscine.<br>Les transats au bord de la piscine sont payants (2 \u20ac chacun).<br>Les enfants doivent toujours porter un maillot de bain.<\/p>\n<p><strong>AIRE DE JEUX<\/strong><br>Espace d\u00e9di\u00e9 aux enfants (maximum 12 ans). La pr\u00e9sence d\u2019un adulte est obligatoire pour la supervision.<\/p>\n<p><strong>\u00c9LECTRICIT\u00c9 POUR LES CAMPEURS<\/strong><br>Le raccordement \u00e9lectrique est autoris\u00e9 uniquement avec un c\u00e2ble en caoutchouc CEE, pos\u00e9 au sol, sans raccords et d\u2019une longueur maximale de 25 m\u00e8tres.<br>Le courant est de 220 V et 6 A.<br>L\u2019usage d\u2019appareils \u00e9lectrom\u00e9nagers \u00e0 forte consommation est interdit.<br>Seules les prises des blocs de services doivent \u00eatre utilis\u00e9es.<\/p>\n<p><strong>EAU<\/strong><br>Les h\u00f4tes sont invit\u00e9s \u00e0 utiliser l\u2019eau de fa\u00e7on responsable pour \u00e9viter le gaspillage.<\/p>\n<p><strong>VISITEURS JOURNALIERS<\/strong><br>Les visiteurs journaliers sont admis \u00e0 la discr\u00e9tion de la direction pendant les heures de r\u00e9ception, moyennant le paiement d\u2019un tarif journalier.<br>Ils ne sont pas admis dans les h\u00e9bergements si le nombre maximum d\u2019occupants est atteint.<\/p>\n<p><strong>RESPONSABILIT\u00c9<\/strong><br>La direction d\u00e9cline toute responsabilit\u00e9 pour les objets ou sommes d\u2019argent laiss\u00e9s sans surveillance par les h\u00f4tes.<\/p>\n<p><strong>BUNGALOW \/ LODGE TENT \/ MINI LODGE TENT<\/strong><br>Check-in : de 16h00 \u00e0 19h00. En cas d\u2019arriv\u00e9e anticip\u00e9e, les services peuvent \u00eatre utilis\u00e9s en attendant l\u2019h\u00e9bergement.<br>Caution : 150 \u20ac en esp\u00e8ces ou num\u00e9ro de carte de cr\u00e9dit.<br>Le nettoyage du coin cuisine est \u00e0 la charge de l\u2019h\u00f4te ; sinon une charge de 50 \u20ac sera appliqu\u00e9e.<br>Signaler tout dommage ou manque dans les 24 heures.<br>Le solde total est d\u00fb \u00e0 l\u2019arriv\u00e9e.<br>Il est interdit de fumer dans les h\u00e9bergements et de d\u00e9placer le mobilier ou les t\u00e9l\u00e9visions.<\/p>\n<p><strong>R\u00c9SERVATIONS<\/strong><br>La r\u00e9servation est personnelle, non transf\u00e9rable et constitue un contrat entre les parties.<\/p>\n<p><strong>POLITIQUE D\u2019ANNULATION<\/strong><br><strong>Tarif Flexible\/Standard :<\/strong><\/p>\n<ul>\n<li>Non-pr\u00e9sentation : p\u00e9nalit\u00e9 de 100 %<\/li>\n<li>Annulation dans les 7 jours pr\u00e9c\u00e9dant l\u2019arriv\u00e9e : p\u00e9nalit\u00e9 de 100 %<\/li>\n<li>Annulation au-del\u00e0 de 8 jours avant l\u2019arriv\u00e9e : aucune p\u00e9nalit\u00e9<\/li>\n<li>Aucune r\u00e9duction pour arriv\u00e9e tardive ou d\u00e9part anticip\u00e9.<\/li>\n<li>Autres tarifs ont des politiques diff\u00e9rentes : lire attentivement avant de r\u00e9server.<\/li>\n<li>Les demandes d\u2019annulation doivent \u00eatre faites par e-mail. Les remboursements d\u00e9buteront \u00e0 partir du 30 novembre de l\u2019ann\u00e9e en cours.<br>En cas d\u2019arriv\u00e9e tardive, l\u2019emplacement\/l\u2019h\u00e9bergement sera tenu disponible jusqu\u2019\u00e0 13h00 le lendemain, sinon consid\u00e9r\u00e9 abandonn\u00e9, sauf communication contraire.<\/li>\n<\/ul>\n<p><strong>NOTES G\u00c9N\u00c9RALES<\/strong><br>Les mineurs ne sont admis que s\u2019ils sont accompagn\u00e9s d\u2019adultes pendant tout le s\u00e9jour.<br>La r\u00e9servation est contraignante : en cas de d\u00e9part anticip\u00e9, le montant complet reste d\u00fb.<br>Pour les longs s\u00e9jours, veuillez v\u00e9rifier les pr\u00e9sences avant la fin du mois.<br>Dur\u00e9e minimum de r\u00e9servation : une semaine (juin-septembre), sauf confirmation \u00e9crite contraire.<br>Solde \u00e0 l\u2019arriv\u00e9e par carte (pas Diners), carte bancaire ou esp\u00e8ces (&lt; 5000 \u20ac).<br>Les ch\u00e8ques bancaires ne sont pas accept\u00e9s.<br>Au d\u00e9but\/fin de saison, certains services peuvent \u00eatre r\u00e9duits ou non disponibles.<\/p>\n<p><strong>CARTE CLUB<\/strong><br>Obligatoire :<\/p>\n<ul>\n<li>6,00 \u20ac par jour (camping, jusqu\u2019\u00e0 4 personnes, Bungalows A\/B\/Mini)<\/li>\n<li>7,00 \u20ac par jour (jusqu\u2019\u00e0 5\/6 personnes, Bungalows C\/D\/Lodge Tent)<br>Inclut : activit\u00e9s sportives, fitness, hammam, animation, navette plage (juin-septembre).<\/li>\n<\/ul>\t\t\t\t\t\t\t\t<\/div>\n\t\t\t\t<\/div>\n\t\t\t\t\t<\/div>\n\t\t<\/div>\n\t\t\t\t\t<\/div>\n\t\t<\/section>\n\t\t\t\t<\/div>\n\t\t","protected":false},"excerpt":{"rendered":"<p>R\u00e8glement Respectez le r\u00e8glement du Camping Village Rocchette pour un s\u00e9jour en toute tranquillit\u00e9 R\u00e8glement du Rocchette Camping Village \u00c0 L\u2019ARRIV\u00c9ELes clients doivent se pr\u00e9senter \u00e0 la r\u00e9ception pour effectuer la proc\u00e9dure de check-in munis d\u2019une pi\u00e8ce d\u2019identit\u00e9 valide. V\u00c9G\u00c9TATIONLa v\u00e9g\u00e9tation pr\u00e9sente \u00e0 l\u2019int\u00e9rieur de la structure est consid\u00e9r\u00e9e comme un patrimoine naturel : nous &#8230;<\/p>\n","protected":false},"author":1,"featured_media":18295,"parent":0,"menu_order":0,"comment_status":"closed","ping_status":"closed","template":"template-wide-content.php","meta":{"inline_featured_image":false,"cozystay_single_page_hide_site_header":"","cozystay_single_page_site_header_source":"","cozystay_single_page_custom_site_header":"","cozystay_single_page_custom_sticky_site_header":"","cozystay_single_page_hide_page_title":"on","cozystay_single_page_header_section_size":"","cozystay_single_page_header_background_color":"","cozystay_single_page_header_background_position_x":"center","cozystay_single_page_header_background_position_y":"center","cozystay_single_page_header_background_size":"cover","cozystay_single_page_header_background_repeat":"off","cozystay_single_page_header_background_scroll":"on","cozystay_single_page_header_text_color":"","cozystay_single_page_header_show_breadcrumb":"","cozystay_single_page_site_footer_hide_main":"","cozystay_single_custom_site_footer_main_source":"","cozystay_single_custom_site_footer_main":"","cozystay_single_page_site_footer_hide_above":"","cozystay_single_custom_site_footer_above_source":"","cozystay_single_custom_site_footer_above":"","cozystay_single_page_site_footer_hide_instagram":"","cozystay_single_page_site_footer_hide_bottom":"","cozystay_single_custom_mobile_menu_source":"","cozystay_single_custom_mobile_menu":"","cozystay_single_custom_mobile_menu_animation":"","cozystay_single_custom_mobile_menu_width":"","cozystay_single_custom_mobile_menu_custom_width":375,"footnotes":""},"class_list":["post-22372","page","type-page","status-publish","has-post-thumbnail","hentry"],"yoast_head":"<!-- This site is optimized with the Yoast SEO plugin v27.0 - https:\/\/yoast.com\/product\/yoast-seo-wordpress\/ -->\n<title>D\u00e9couvrez le r\u00e8glement du Camping Village Rocchette<\/title>\n<meta name=\"description\" content=\"Respectez le r\u00e8glement du Camping Village Rocchette pour un s\u00e9jour en toute tranquillit\u00e9\" \/>\n<meta name=\"robots\" content=\"index, follow, max-snippet:-1, max-image-preview:large, max-video-preview:-1\" \/>\n<link rel=\"canonical\" href=\"https:\/\/www.rocchette.com\/fr\/reglement\/\" \/>\n<meta property=\"og:locale\" content=\"fr_FR\" \/>\n<meta property=\"og:type\" content=\"article\" \/>\n<meta property=\"og:title\" content=\"D\u00e9couvrez le r\u00e8glement du Camping Village Rocchette\" \/>\n<meta property=\"og:description\" content=\"Respectez le r\u00e8glement du Camping Village Rocchette pour un s\u00e9jour en toute tranquillit\u00e9\" \/>\n<meta property=\"og:url\" content=\"https:\/\/www.rocchette.com\/fr\/reglement\/\" \/>\n<meta property=\"og:site_name\" content=\"Rocchette Camping Village\" \/>\n<meta property=\"article:modified_time\" content=\"2025-08-07T14:19:55+00:00\" \/>\n<meta property=\"og:image\" content=\"https:\/\/www.rocchette.com\/wp-content\/uploads\/2025\/03\/rocchette-spiaggia.jpg\" \/>\n\t<meta property=\"og:image:width\" content=\"1484\" \/>\n\t<meta property=\"og:image:height\" content=\"1484\" \/>\n\t<meta property=\"og:image:type\" content=\"image\/jpeg\" \/>\n<meta name=\"twitter:card\" content=\"summary_large_image\" \/>\n<script type=\"application\/ld+json\" class=\"yoast-schema-graph\">{\"@context\":\"https:\/\/schema.org\",\"@graph\":[{\"@type\":\"WebPage\",\"@id\":\"https:\/\/www.rocchette.com\/fr\/reglement\/\",\"url\":\"https:\/\/www.rocchette.com\/fr\/reglement\/\",\"name\":\"D\u00e9couvrez le r\u00e8glement du Camping Village Rocchette\",\"isPartOf\":{\"@id\":\"https:\/\/www.rocchette.com\/fr\/#website\"},\"primaryImageOfPage\":{\"@id\":\"https:\/\/www.rocchette.com\/fr\/reglement\/#primaryimage\"},\"image\":{\"@id\":\"https:\/\/www.rocchette.com\/fr\/reglement\/#primaryimage\"},\"thumbnailUrl\":\"https:\/\/www.rocchette.com\/wp-content\/uploads\/2025\/03\/rocchette-spiaggia.jpg\",\"datePublished\":\"2025-03-31T15:24:05+00:00\",\"dateModified\":\"2025-08-07T14:19:55+00:00\",\"description\":\"Respectez le r\u00e8glement du Camping Village Rocchette pour un s\u00e9jour en toute tranquillit\u00e9\",\"breadcrumb\":{\"@id\":\"https:\/\/www.rocchette.com\/fr\/reglement\/#breadcrumb\"},\"inLanguage\":\"fr-FR\",\"potentialAction\":[{\"@type\":\"ReadAction\",\"target\":[\"https:\/\/www.rocchette.com\/fr\/reglement\/\"]}]},{\"@type\":\"ImageObject\",\"inLanguage\":\"fr-FR\",\"@id\":\"https:\/\/www.rocchette.com\/fr\/reglement\/#primaryimage\",\"url\":\"https:\/\/www.rocchette.com\/wp-content\/uploads\/2025\/03\/rocchette-spiaggia.jpg\",\"contentUrl\":\"https:\/\/www.rocchette.com\/wp-content\/uploads\/2025\/03\/rocchette-spiaggia.jpg\",\"width\":1484,\"height\":1484},{\"@type\":\"BreadcrumbList\",\"@id\":\"https:\/\/www.rocchette.com\/fr\/reglement\/#breadcrumb\",\"itemListElement\":[{\"@type\":\"ListItem\",\"position\":1,\"name\":\"Home\",\"item\":\"https:\/\/www.rocchette.com\/fr\/\"},{\"@type\":\"ListItem\",\"position\":2,\"name\":\"R\u00e8glement\"}]},{\"@type\":\"WebSite\",\"@id\":\"https:\/\/www.rocchette.com\/fr\/#website\",\"url\":\"https:\/\/www.rocchette.com\/fr\/\",\"name\":\"Rocchette Camping Village\",\"description\":\"Villagio con piscina, bungalow, piazzole e lodge tent a Castiglione della Pescaia\",\"publisher\":{\"@id\":\"https:\/\/www.rocchette.com\/fr\/#organization\"},\"potentialAction\":[{\"@type\":\"SearchAction\",\"target\":{\"@type\":\"EntryPoint\",\"urlTemplate\":\"https:\/\/www.rocchette.com\/fr\/?s={search_term_string}\"},\"query-input\":{\"@type\":\"PropertyValueSpecification\",\"valueRequired\":true,\"valueName\":\"search_term_string\"}}],\"inLanguage\":\"fr-FR\"},{\"@type\":\"Organization\",\"@id\":\"https:\/\/www.rocchette.com\/fr\/#organization\",\"name\":\"Rocchette Camping Village\",\"url\":\"https:\/\/www.rocchette.com\/fr\/\",\"logo\":{\"@type\":\"ImageObject\",\"inLanguage\":\"fr-FR\",\"@id\":\"https:\/\/www.rocchette.com\/fr\/#\/schema\/logo\/image\/\",\"url\":\"https:\/\/www.rocchette.com\/wp-content\/uploads\/2025\/02\/Rocchette-logo.png\",\"contentUrl\":\"https:\/\/www.rocchette.com\/wp-content\/uploads\/2025\/02\/Rocchette-logo.png\",\"width\":861,\"height\":443,\"caption\":\"Rocchette Camping Village\"},\"image\":{\"@id\":\"https:\/\/www.rocchette.com\/fr\/#\/schema\/logo\/image\/\"}}]}<\/script>\n<!-- \/ Yoast SEO plugin. -->","yoast_head_json":{"title":"D\u00e9couvrez le r\u00e8glement du Camping Village Rocchette","description":"Respectez le r\u00e8glement du Camping Village Rocchette pour un s\u00e9jour en toute tranquillit\u00e9","robots":{"index":"index","follow":"follow","max-snippet":"max-snippet:-1","max-image-preview":"max-image-preview:large","max-video-preview":"max-video-preview:-1"},"canonical":"https:\/\/www.rocchette.com\/fr\/reglement\/","og_locale":"fr_FR","og_type":"article","og_title":"D\u00e9couvrez le r\u00e8glement du Camping Village Rocchette","og_description":"Respectez le r\u00e8glement du Camping Village Rocchette pour un s\u00e9jour en toute tranquillit\u00e9","og_url":"https:\/\/www.rocchette.com\/fr\/reglement\/","og_site_name":"Rocchette Camping Village","article_modified_time":"2025-08-07T14:19:55+00:00","og_image":[{"width":1484,"height":1484,"url":"https:\/\/www.rocchette.com\/wp-content\/uploads\/2025\/03\/rocchette-spiaggia.jpg","type":"image\/jpeg"}],"twitter_card":"summary_large_image","schema":{"@context":"https:\/\/schema.org","@graph":[{"@type":"WebPage","@id":"https:\/\/www.rocchette.com\/fr\/reglement\/","url":"https:\/\/www.rocchette.com\/fr\/reglement\/","name":"D\u00e9couvrez le r\u00e8glement du Camping Village Rocchette","isPartOf":{"@id":"https:\/\/www.rocchette.com\/fr\/#website"},"primaryImageOfPage":{"@id":"https:\/\/www.rocchette.com\/fr\/reglement\/#primaryimage"},"image":{"@id":"https:\/\/www.rocchette.com\/fr\/reglement\/#primaryimage"},"thumbnailUrl":"https:\/\/www.rocchette.com\/wp-content\/uploads\/2025\/03\/rocchette-spiaggia.jpg","datePublished":"2025-03-31T15:24:05+00:00","dateModified":"2025-08-07T14:19:55+00:00","description":"Respectez le r\u00e8glement du Camping Village Rocchette pour un s\u00e9jour en toute tranquillit\u00e9","breadcrumb":{"@id":"https:\/\/www.rocchette.com\/fr\/reglement\/#breadcrumb"},"inLanguage":"fr-FR","potentialAction":[{"@type":"ReadAction","target":["https:\/\/www.rocchette.com\/fr\/reglement\/"]}]},{"@type":"ImageObject","inLanguage":"fr-FR","@id":"https:\/\/www.rocchette.com\/fr\/reglement\/#primaryimage","url":"https:\/\/www.rocchette.com\/wp-content\/uploads\/2025\/03\/rocchette-spiaggia.jpg","contentUrl":"https:\/\/www.rocchette.com\/wp-content\/uploads\/2025\/03\/rocchette-spiaggia.jpg","width":1484,"height":1484},{"@type":"BreadcrumbList","@id":"https:\/\/www.rocchette.com\/fr\/reglement\/#breadcrumb","itemListElement":[{"@type":"ListItem","position":1,"name":"Home","item":"https:\/\/www.rocchette.com\/fr\/"},{"@type":"ListItem","position":2,"name":"R\u00e8glement"}]},{"@type":"WebSite","@id":"https:\/\/www.rocchette.com\/fr\/#website","url":"https:\/\/www.rocchette.com\/fr\/","name":"Rocchette Camping Village","description":"Villagio con piscina, bungalow, piazzole e lodge tent a Castiglione della Pescaia","publisher":{"@id":"https:\/\/www.rocchette.com\/fr\/#organization"},"potentialAction":[{"@type":"SearchAction","target":{"@type":"EntryPoint","urlTemplate":"https:\/\/www.rocchette.com\/fr\/?s={search_term_string}"},"query-input":{"@type":"PropertyValueSpecification","valueRequired":true,"valueName":"search_term_string"}}],"inLanguage":"fr-FR"},{"@type":"Organization","@id":"https:\/\/www.rocchette.com\/fr\/#organization","name":"Rocchette Camping Village","url":"https:\/\/www.rocchette.com\/fr\/","logo":{"@type":"ImageObject","inLanguage":"fr-FR","@id":"https:\/\/www.rocchette.com\/fr\/#\/schema\/logo\/image\/","url":"https:\/\/www.rocchette.com\/wp-content\/uploads\/2025\/02\/Rocchette-logo.png","contentUrl":"https:\/\/www.rocchette.com\/wp-content\/uploads\/2025\/02\/Rocchette-logo.png","width":861,"height":443,"caption":"Rocchette Camping Village"},"image":{"@id":"https:\/\/www.rocchette.com\/fr\/#\/schema\/logo\/image\/"}}]}},"_links":{"self":[{"href":"https:\/\/www.rocchette.com\/fr\/wp-json\/wp\/v2\/pages\/22372","targetHints":{"allow":["GET"]}}],"collection":[{"href":"https:\/\/www.rocchette.com\/fr\/wp-json\/wp\/v2\/pages"}],"about":[{"href":"https:\/\/www.rocchette.com\/fr\/wp-json\/wp\/v2\/types\/page"}],"author":[{"embeddable":true,"href":"https:\/\/www.rocchette.com\/fr\/wp-json\/wp\/v2\/users\/1"}],"replies":[{"embeddable":true,"href":"https:\/\/www.rocchette.com\/fr\/wp-json\/wp\/v2\/comments?post=22372"}],"version-history":[{"count":6,"href":"https:\/\/www.rocchette.com\/fr\/wp-json\/wp\/v2\/pages\/22372\/revisions"}],"predecessor-version":[{"id":23221,"href":"https:\/\/www.rocchette.com\/fr\/wp-json\/wp\/v2\/pages\/22372\/revisions\/23221"}],"wp:featuredmedia":[{"embeddable":true,"href":"https:\/\/www.rocchette.com\/fr\/wp-json\/wp\/v2\/media\/18295"}],"wp:attachment":[{"href":"https:\/\/www.rocchette.com\/fr\/wp-json\/wp\/v2\/media?parent=22372"}],"curies":[{"name":"wp","href":"https:\/\/api.w.org\/{rel}","templated":true}]}}